{"id":14,"date":"2025-11-06T17:32:12","date_gmt":"2025-11-06T17:32:12","guid":{"rendered":"https:\/\/asesoriadeseguridadprivada.rkinformatika.online\/?page_id=14"},"modified":"2025-11-12T13:44:04","modified_gmt":"2025-11-12T13:44:04","slug":"asesoria","status":"publish","type":"page","link":"https:\/\/asesoriadeseguridadprivada.com\/en\/asesoria\/","title":{"rendered":"Consulting"},"content":{"rendered":"<div data-elementor-type=\"wp-page\" data-elementor-id=\"14\" class=\"elementor elementor-14\" data-elementor-post-type=\"page\">\n\t\t\t\t<div class=\"elementor-element elementor-element-c4db7b6 e-flex e-con-boxed e-con e-parent\" data-id=\"c4db7b6\" data-element_type=\"container\" data-e-type=\"container\" data-settings=\"{&quot;background_background&quot;:&quot;classic&quot;}\">\n\t\t\t\t\t<div class=\"e-con-inner\">\n\t\t\t\t<div class=\"elementor-element elementor-element-a838249 elementor-widget elementor-widget-heading\" data-id=\"a838249\" data-element_type=\"widget\" data-e-type=\"widget\" data-widget_type=\"heading.default\">\n\t\t\t\t\t<h2 class=\"elementor-heading-title elementor-size-default\">Dise\u00f1amos soluciones personalizadas para proteger lo que m\u00e1s le importa.<\/h2>\t\t\t\t<\/div>\n\t\t\t\t\t<\/div>\n\t\t\t\t<\/div>\n\t\t<div class=\"elementor-element elementor-element-1b6468e e-flex e-con-boxed e-con e-parent\" data-id=\"1b6468e\" data-element_type=\"container\" data-e-type=\"container\" data-settings=\"{&quot;background_background&quot;:&quot;classic&quot;}\">\n\t\t\t\t\t<div class=\"e-con-inner\">\n\t\t\t\t<div class=\"elementor-element elementor-element-f3525ec elementor-widget elementor-widget-text-editor\" data-id=\"f3525ec\" data-element_type=\"widget\" data-e-type=\"widget\" data-widget_type=\"text-editor.default\">\n\t\t\t\t\t\t\t\t\t<p>Su seguridad comienza con una buena asesor\u00eda.<br data-start=\"496\" data-end=\"499\" \/>Conf\u00ede en profesionales con experiencia comprobada.<\/p>\t\t\t\t\t\t\t\t<\/div>\n\t\t\t\t\t<\/div>\n\t\t\t\t<\/div>\n\t\t<div class=\"elementor-element elementor-element-923d008 e-flex e-con-boxed e-con e-parent\" data-id=\"923d008\" data-element_type=\"container\" data-e-type=\"container\" data-settings=\"{&quot;background_background&quot;:&quot;classic&quot;}\">\n\t\t\t\t\t<div class=\"e-con-inner\">\n\t\t<div class=\"elementor-element elementor-element-d296338 e-con-full e-flex e-con e-child\" data-id=\"d296338\" data-element_type=\"container\" data-e-type=\"container\">\n\t\t\t\t<div class=\"elementor-element elementor-element-bbe8f7f elementor-widget elementor-widget-heading\" data-id=\"bbe8f7f\" data-element_type=\"widget\" data-e-type=\"widget\" data-widget_type=\"heading.default\">\n\t\t\t\t\t<h2 class=\"elementor-heading-title elementor-size-default\">Planificaci\u00f3n y an\u00e1lisis de riesgos\u200b: <\/h2>\t\t\t\t<\/div>\n\t\t\t\t<div class=\"elementor-element elementor-element-e0cb296 elementor-widget elementor-widget-text-editor\" data-id=\"e0cb296\" data-element_type=\"widget\" data-e-type=\"widget\" data-widget_type=\"text-editor.default\">\n\t\t\t\t\t\t\t\t\t<p>La planificaci\u00f3n, organizaci\u00f3n y control de las actuaciones necesarias para la implantaci\u00f3n de un conjunto de medidas destinadas a prevenir, proteger y reducir la manifestaci\u00f3n de riesgos de cualquier naturaleza.<br \/>Elaboramos planes de seguridad aplicables, con los medios y medidas precisas.<\/p><p>El an\u00e1lisis de situaciones de riesgo, as\u00ed como la planificaci\u00f3n y programaci\u00f3n de actuaciones para la implantaci\u00f3n y ejecuci\u00f3n de los servicios de seguridad privada.<\/p><p>La identificaci\u00f3n, an\u00e1lisis y evaluaci\u00f3n de situaciones de riesgo que puedan afectar a la vida e integridad de las personas, as\u00ed como al patrimonio.<\/p>\t\t\t\t\t\t\t\t<\/div>\n\t\t\t\t<\/div>\n\t\t\t\t\t<\/div>\n\t\t\t\t<\/div>\n\t\t<div class=\"elementor-element elementor-element-7d0a9d2 e-flex e-con-boxed e-con e-parent\" data-id=\"7d0a9d2\" data-element_type=\"container\" data-e-type=\"container\" data-settings=\"{&quot;background_background&quot;:&quot;classic&quot;}\">\n\t\t\t\t\t<div class=\"e-con-inner\">\n\t\t<div class=\"elementor-element elementor-element-8bd0076 e-con-full e-flex e-con e-child\" data-id=\"8bd0076\" data-element_type=\"container\" data-e-type=\"container\">\n\t\t\t\t<div class=\"elementor-element elementor-element-55e8a14 elementor-widget elementor-widget-heading\" data-id=\"55e8a14\" data-element_type=\"widget\" data-e-type=\"widget\" data-widget_type=\"heading.default\">\n\t\t\t\t\t<h2 class=\"elementor-heading-title elementor-size-default\">Implantaci\u00f3n, control y mantenimiento de sistemas:<\/h2>\t\t\t\t<\/div>\n\t\t\t\t<div class=\"elementor-element elementor-element-6ac4e36 elementor-widget elementor-widget-text-editor\" data-id=\"6ac4e36\" data-element_type=\"widget\" data-e-type=\"widget\" data-widget_type=\"text-editor.default\">\n\t\t\t\t\t\t\t\t\t<p>El control del funcionamiento y mantenimiento de los sistemas de seguridad privada.<br \/>La comprobaci\u00f3n rigurosa para garantizar que los sistemas de seguridad privada instalados y las empresas contratadas cumplen con las exigencias de homologaci\u00f3n establecidas por los organismos competentes.<br \/>La elaboraci\u00f3n de propuestas sobre los sistemas de seguridad m\u00e1s adecuados y el control de su funcionamiento y mantenimiento, pudiendo validarlos provisionalmente hasta que se produzca la inspecci\u00f3n y autorizaci\u00f3n, en su caso, por parte de la Administraci\u00f3n.<br \/>La validaci\u00f3n provisional, hasta la comprobaci\u00f3n, en su caso, por parte de la Administraci\u00f3n, de las medidas de seguridad en lo referente a su adecuaci\u00f3n a la normativa de seguridad privada.<\/p>\t\t\t\t\t\t\t\t<\/div>\n\t\t\t\t<\/div>\n\t\t\t\t\t<\/div>\n\t\t\t\t<\/div>\n\t\t<div class=\"elementor-element elementor-element-0bb3fdf e-flex e-con-boxed e-con e-parent\" data-id=\"0bb3fdf\" data-element_type=\"container\" data-e-type=\"container\" data-settings=\"{&quot;background_background&quot;:&quot;classic&quot;}\">\n\t\t\t\t\t<div class=\"e-con-inner\">\n\t\t<div class=\"elementor-element elementor-element-09e9ac3 e-con-full e-flex e-con e-child\" data-id=\"09e9ac3\" data-element_type=\"container\" data-e-type=\"container\">\n\t\t\t\t<div class=\"elementor-element elementor-element-adea1b5 elementor-widget elementor-widget-heading\" data-id=\"adea1b5\" data-element_type=\"widget\" data-e-type=\"widget\" data-widget_type=\"heading.default\">\n\t\t\t\t\t<h2 class=\"elementor-heading-title elementor-size-default\">Organizaci\u00f3n y gesti\u00f3n del personal y servicios:<\/h2>\t\t\t\t<\/div>\n\t\t\t\t<div class=\"elementor-element elementor-element-6ffa5d9 elementor-widget elementor-widget-text-editor\" data-id=\"6ffa5d9\" data-element_type=\"widget\" data-e-type=\"widget\" data-widget_type=\"text-editor.default\">\n\t\t\t\t\t\t\t\t\t<p>A organizaci\u00f3n, direcci\u00f3n e inspecci\u00f3n del personal y de los servicios de seguridad privada.<br \/>La organizaci\u00f3n, direcci\u00f3n, inspecci\u00f3n y administraci\u00f3n de los servicios y recursos de seguridad privada disponibles.<br \/>El control de la formaci\u00f3n continua del personal de seguridad, mediante las medidas e iniciativas m\u00e1s adecuadas.<\/p>\t\t\t\t\t\t\t\t<\/div>\n\t\t\t\t<\/div>\n\t\t\t\t\t<\/div>\n\t\t\t\t<\/div>\n\t\t<div class=\"elementor-element elementor-element-2d7000e e-flex e-con-boxed e-con e-parent\" data-id=\"2d7000e\" data-element_type=\"container\" data-e-type=\"container\" data-settings=\"{&quot;background_background&quot;:&quot;classic&quot;}\">\n\t\t\t\t\t<div class=\"e-con-inner\">\n\t\t<div class=\"elementor-element elementor-element-b54a853 e-con-full e-flex e-con e-child\" data-id=\"b54a853\" data-element_type=\"container\" data-e-type=\"container\">\n\t\t\t\t<div class=\"elementor-element elementor-element-b820c44 elementor-widget elementor-widget-heading\" data-id=\"b820c44\" data-element_type=\"widget\" data-e-type=\"widget\" data-widget_type=\"heading.default\">\n\t\t\t\t\t<h2 class=\"elementor-heading-title elementor-size-default\">Coordinaci\u00f3n y cumplimiento normativo\u200b:<\/h2>\t\t\t\t<\/div>\n\t\t\t\t<div class=\"elementor-element elementor-element-a7082f5 elementor-widget elementor-widget-text-editor\" data-id=\"a7082f5\" data-element_type=\"widget\" data-e-type=\"widget\" data-widget_type=\"text-editor.default\">\n\t\t\t\t\t\t\t\t\t<p>La garant\u00eda de la colaboraci\u00f3n entre los servicios de seguridad y las dependencias de las fuerzas y cuerpos de seguridad del Estado.<\/p><p>La supervisi\u00f3n del cumplimiento de la normativa de seguridad privada aplicable.<\/p>\t\t\t\t\t\t\t\t<\/div>\n\t\t\t\t<\/div>\n\t\t\t\t\t<\/div>\n\t\t\t\t<\/div>\n\t\t<div class=\"elementor-element elementor-element-99ce257 e-flex e-con-boxed e-con e-parent\" data-id=\"99ce257\" data-element_type=\"container\" data-e-type=\"container\">\n\t\t\t\t\t<div class=\"e-con-inner\">\n\t\t\t\t<div class=\"elementor-element elementor-element-7209a35 elementor-widget elementor-widget-image\" data-id=\"7209a35\" data-element_type=\"widget\" data-e-type=\"widget\" data-widget_type=\"image.default\">\n\t\t\t\t\t\t\t\t\t\t\t\t\t\t\t<img fetchpriority=\"high\" decoding=\"async\" width=\"800\" height=\"534\" src=\"https:\/\/asesoriadeseguridadprivada.com\/wp-content\/uploads\/2025\/11\/Diseno-sin-titulo-1-2-1024x683.png\" class=\"attachment-large size-large wp-image-163\" alt=\"\" srcset=\"https:\/\/asesoriadeseguridadprivada.com\/wp-content\/uploads\/2025\/11\/Diseno-sin-titulo-1-2-1024x683.png 1024w, https:\/\/asesoriadeseguridadprivada.com\/wp-content\/uploads\/2025\/11\/Diseno-sin-titulo-1-2-300x200.png 300w, https:\/\/asesoriadeseguridadprivada.com\/wp-content\/uploads\/2025\/11\/Diseno-sin-titulo-1-2-768x512.png 768w, https:\/\/asesoriadeseguridadprivada.com\/wp-content\/uploads\/2025\/11\/Diseno-sin-titulo-1-2-18x12.png 18w, https:\/\/asesoriadeseguridadprivada.com\/wp-content\/uploads\/2025\/11\/Diseno-sin-titulo-1-2.png 1500w\" sizes=\"(max-width: 800px) 100vw, 800px\" \/>\t\t\t\t\t\t\t\t\t\t\t\t\t\t\t<\/div>\n\t\t\t\t\t<\/div>\n\t\t\t\t<\/div>\n\t\t\t\t<section class=\"elementor-section elementor-top-section elementor-element elementor-element-d5049b9 elementor-section-boxed elementor-section-height-default elementor-section-height-default\" data-id=\"d5049b9\" data-element_type=\"section\" data-e-type=\"section\" data-settings=\"{&quot;background_background&quot;:&quot;classic&quot;}\">\n\t\t\t\t\t\t\t<div class=\"elementor-background-overlay\"><\/div>\n\t\t\t\t\t\t\t<div class=\"elementor-container elementor-column-gap-no\">\n\t\t\t\t\t<div class=\"elementor-column elementor-col-100 elementor-top-column elementor-element elementor-element-03dc425\" data-id=\"03dc425\" data-element_type=\"column\" data-e-type=\"column\" data-settings=\"{&quot;background_background&quot;:&quot;classic&quot;}\">\n\t\t\t<div class=\"elementor-widget-wrap elementor-element-populated\">\n\t\t\t\t\t\t<div class=\"elementor-element elementor-element-885628b elementor-invisible elementor-widget elementor-widget-heading\" data-id=\"885628b\" data-element_type=\"widget\" data-e-type=\"widget\" data-settings=\"{&quot;_animation&quot;:&quot;zoomIn&quot;}\" data-widget_type=\"heading.default\">\n\t\t\t\t\t<h2 class=\"elementor-heading-title elementor-size-default\">Su seguridad comienza con una asesor\u00eda en la que puede confiar.<\/h2>\t\t\t\t<\/div>\n\t\t\t\t<div class=\"elementor-element elementor-element-1e8f4d2 elementor-align-center elementor-invisible elementor-widget elementor-widget-button\" data-id=\"1e8f4d2\" data-element_type=\"widget\" data-e-type=\"widget\" data-settings=\"{&quot;_animation&quot;:&quot;zoomIn&quot;}\" data-widget_type=\"button.default\">\n\t\t\t\t\t\t\t\t\t\t<a class=\"elementor-button elementor-button-link elementor-size-sm elementor-animation-hang\" href=\"https:\/\/asesoriadeseguridadprivada.com\/en\/contacto\/\">\n\t\t\t\t\t\t<span class=\"elementor-button-content-wrapper\">\n\t\t\t\t\t\t\t\t\t<span class=\"elementor-button-text\">Cont\u00e1ctanos<\/span>\n\t\t\t\t\t<\/span>\n\t\t\t\t\t<\/a>\n\t\t\t\t\t\t\t\t<\/div>\n\t\t\t\t\t<\/div>\n\t\t<\/div>\n\t\t\t\t\t<\/div>\n\t\t<\/section>\n\t\t\t\t<\/div>","protected":false},"excerpt":{"rendered":"<p>Dise\u00f1amos soluciones personalizadas para proteger lo que m\u00e1s le importa. Su seguridad comienza con una buena asesor\u00eda.Conf\u00ede en profesionales con experiencia comprobada. Planificaci\u00f3n y an\u00e1lisis de riesgos\u200b: La planificaci\u00f3n, organizaci\u00f3n y control de las actuaciones necesarias para la implantaci\u00f3n de un conjunto de medidas destinadas a prevenir, proteger y reducir la manifestaci\u00f3n de riesgos de [&hellip;]<\/p>\n","protected":false},"author":1,"featured_media":0,"parent":0,"menu_order":0,"comment_status":"closed","ping_status":"closed","template":"elementor_canvas","meta":{"footnotes":""},"class_list":["post-14","page","type-page","status-publish","hentry"],"yoast_head":"<!-- This site is optimized with the Yoast SEO plugin v27.3 - https:\/\/yoast.com\/product\/yoast-seo-wordpress\/ -->\n<title>Asesor\u00eda - Asesoria de Seguridad Privada<\/title>\n<meta name=\"robots\" content=\"index, follow, max-snippet:-1, max-image-preview:large, max-video-preview:-1\" \/>\n<link rel=\"canonical\" href=\"https:\/\/asesoriadeseguridadprivada.com\/en\/asesoria\/\" \/>\n<meta property=\"og:locale\" content=\"en_GB\" \/>\n<meta property=\"og:type\" content=\"article\" \/>\n<meta property=\"og:title\" content=\"Asesor\u00eda - Asesoria de Seguridad Privada\" \/>\n<meta property=\"og:description\" content=\"Dise\u00f1amos soluciones personalizadas para proteger lo que m\u00e1s le importa. Su seguridad comienza con una buena asesor\u00eda.Conf\u00ede en profesionales con experiencia comprobada. Planificaci\u00f3n y an\u00e1lisis de riesgos\u200b: La planificaci\u00f3n, organizaci\u00f3n y control de las actuaciones necesarias para la implantaci\u00f3n de un conjunto de medidas destinadas a prevenir, proteger y reducir la manifestaci\u00f3n de riesgos de [&hellip;]\" \/>\n<meta property=\"og:url\" content=\"https:\/\/asesoriadeseguridadprivada.com\/en\/asesoria\/\" \/>\n<meta property=\"og:site_name\" content=\"Asesoria de Seguridad Privada\" \/>\n<meta property=\"article:modified_time\" content=\"2025-11-12T13:44:04+00:00\" \/>\n<meta property=\"og:image\" content=\"https:\/\/asesoriadeseguridadprivada.com\/wp-content\/uploads\/2025\/11\/Diseno-sin-titulo-1-2-1024x683.png\" \/>\n<meta name=\"twitter:card\" content=\"summary_large_image\" \/>\n<meta name=\"twitter:label1\" content=\"Estimated reading time\" \/>\n\t<meta name=\"twitter:data1\" content=\"2 minutes\" \/>\n<script type=\"application\/ld+json\" class=\"yoast-schema-graph\">{\"@context\":\"https:\\\/\\\/schema.org\",\"@graph\":[{\"@type\":\"WebPage\",\"@id\":\"https:\\\/\\\/asesoriadeseguridadprivada.com\\\/asesoria\\\/\",\"url\":\"https:\\\/\\\/asesoriadeseguridadprivada.com\\\/asesoria\\\/\",\"name\":\"Asesor\u00eda - Asesoria de Seguridad Privada\",\"isPartOf\":{\"@id\":\"https:\\\/\\\/asesoriadeseguridadprivada.com\\\/#website\"},\"primaryImageOfPage\":{\"@id\":\"https:\\\/\\\/asesoriadeseguridadprivada.com\\\/asesoria\\\/#primaryimage\"},\"image\":{\"@id\":\"https:\\\/\\\/asesoriadeseguridadprivada.com\\\/asesoria\\\/#primaryimage\"},\"thumbnailUrl\":\"https:\\\/\\\/asesoriadeseguridadprivada.com\\\/wp-content\\\/uploads\\\/2025\\\/11\\\/Diseno-sin-titulo-1-2-1024x683.png\",\"datePublished\":\"2025-11-06T17:32:12+00:00\",\"dateModified\":\"2025-11-12T13:44:04+00:00\",\"breadcrumb\":{\"@id\":\"https:\\\/\\\/asesoriadeseguridadprivada.com\\\/asesoria\\\/#breadcrumb\"},\"inLanguage\":\"en-GB\",\"potentialAction\":[{\"@type\":\"ReadAction\",\"target\":[\"https:\\\/\\\/asesoriadeseguridadprivada.com\\\/asesoria\\\/\"]}]},{\"@type\":\"ImageObject\",\"inLanguage\":\"en-GB\",\"@id\":\"https:\\\/\\\/asesoriadeseguridadprivada.com\\\/asesoria\\\/#primaryimage\",\"url\":\"https:\\\/\\\/asesoriadeseguridadprivada.com\\\/wp-content\\\/uploads\\\/2025\\\/11\\\/Diseno-sin-titulo-1-2-1024x683.png\",\"contentUrl\":\"https:\\\/\\\/asesoriadeseguridadprivada.com\\\/wp-content\\\/uploads\\\/2025\\\/11\\\/Diseno-sin-titulo-1-2-1024x683.png\"},{\"@type\":\"BreadcrumbList\",\"@id\":\"https:\\\/\\\/asesoriadeseguridadprivada.com\\\/asesoria\\\/#breadcrumb\",\"itemListElement\":[{\"@type\":\"ListItem\",\"position\":1,\"name\":\"Portada\",\"item\":\"https:\\\/\\\/asesoriadeseguridadprivada.com\\\/\"},{\"@type\":\"ListItem\",\"position\":2,\"name\":\"Asesor\u00eda\"}]},{\"@type\":\"WebSite\",\"@id\":\"https:\\\/\\\/asesoriadeseguridadprivada.com\\\/#website\",\"url\":\"https:\\\/\\\/asesoriadeseguridadprivada.com\\\/\",\"name\":\"Asesoria de Seguridad Privada\",\"description\":\"\",\"publisher\":{\"@id\":\"https:\\\/\\\/asesoriadeseguridadprivada.com\\\/#organization\"},\"potentialAction\":[{\"@type\":\"SearchAction\",\"target\":{\"@type\":\"EntryPoint\",\"urlTemplate\":\"https:\\\/\\\/asesoriadeseguridadprivada.com\\\/?s={search_term_string}\"},\"query-input\":{\"@type\":\"PropertyValueSpecification\",\"valueRequired\":true,\"valueName\":\"search_term_string\"}}],\"inLanguage\":\"en-GB\"},{\"@type\":\"Organization\",\"@id\":\"https:\\\/\\\/asesoriadeseguridadprivada.com\\\/#organization\",\"name\":\"Asesoria de Seguridad Privada\",\"url\":\"https:\\\/\\\/asesoriadeseguridadprivada.com\\\/\",\"logo\":{\"@type\":\"ImageObject\",\"inLanguage\":\"en-GB\",\"@id\":\"https:\\\/\\\/asesoriadeseguridadprivada.com\\\/#\\\/schema\\\/logo\\\/image\\\/\",\"url\":\"https:\\\/\\\/asesoriadeseguridadprivada.com\\\/wp-content\\\/uploads\\\/2025\\\/11\\\/cropped-Diseno-sin-titulo-1-1.png\",\"contentUrl\":\"https:\\\/\\\/asesoriadeseguridadprivada.com\\\/wp-content\\\/uploads\\\/2025\\\/11\\\/cropped-Diseno-sin-titulo-1-1.png\",\"width\":233,\"height\":240,\"caption\":\"Asesoria de Seguridad Privada\"},\"image\":{\"@id\":\"https:\\\/\\\/asesoriadeseguridadprivada.com\\\/#\\\/schema\\\/logo\\\/image\\\/\"}}]}<\/script>\n<!-- \/ Yoast SEO plugin. -->","yoast_head_json":{"title":"Asesor\u00eda - Asesoria de Seguridad Privada","robots":{"index":"index","follow":"follow","max-snippet":"max-snippet:-1","max-image-preview":"max-image-preview:large","max-video-preview":"max-video-preview:-1"},"canonical":"https:\/\/asesoriadeseguridadprivada.com\/en\/asesoria\/","og_locale":"en_GB","og_type":"article","og_title":"Asesor\u00eda - Asesoria de Seguridad Privada","og_description":"Dise\u00f1amos soluciones personalizadas para proteger lo que m\u00e1s le importa. Su seguridad comienza con una buena asesor\u00eda.Conf\u00ede en profesionales con experiencia comprobada. Planificaci\u00f3n y an\u00e1lisis de riesgos\u200b: La planificaci\u00f3n, organizaci\u00f3n y control de las actuaciones necesarias para la implantaci\u00f3n de un conjunto de medidas destinadas a prevenir, proteger y reducir la manifestaci\u00f3n de riesgos de [&hellip;]","og_url":"https:\/\/asesoriadeseguridadprivada.com\/en\/asesoria\/","og_site_name":"Asesoria de Seguridad Privada","article_modified_time":"2025-11-12T13:44:04+00:00","og_image":[{"url":"https:\/\/asesoriadeseguridadprivada.com\/wp-content\/uploads\/2025\/11\/Diseno-sin-titulo-1-2-1024x683.png","type":"","width":"","height":""}],"twitter_card":"summary_large_image","twitter_misc":{"Estimated reading time":"2 minutes"},"schema":{"@context":"https:\/\/schema.org","@graph":[{"@type":"WebPage","@id":"https:\/\/asesoriadeseguridadprivada.com\/asesoria\/","url":"https:\/\/asesoriadeseguridadprivada.com\/asesoria\/","name":"Asesor\u00eda - Asesoria de Seguridad Privada","isPartOf":{"@id":"https:\/\/asesoriadeseguridadprivada.com\/#website"},"primaryImageOfPage":{"@id":"https:\/\/asesoriadeseguridadprivada.com\/asesoria\/#primaryimage"},"image":{"@id":"https:\/\/asesoriadeseguridadprivada.com\/asesoria\/#primaryimage"},"thumbnailUrl":"https:\/\/asesoriadeseguridadprivada.com\/wp-content\/uploads\/2025\/11\/Diseno-sin-titulo-1-2-1024x683.png","datePublished":"2025-11-06T17:32:12+00:00","dateModified":"2025-11-12T13:44:04+00:00","breadcrumb":{"@id":"https:\/\/asesoriadeseguridadprivada.com\/asesoria\/#breadcrumb"},"inLanguage":"en-GB","potentialAction":[{"@type":"ReadAction","target":["https:\/\/asesoriadeseguridadprivada.com\/asesoria\/"]}]},{"@type":"ImageObject","inLanguage":"en-GB","@id":"https:\/\/asesoriadeseguridadprivada.com\/asesoria\/#primaryimage","url":"https:\/\/asesoriadeseguridadprivada.com\/wp-content\/uploads\/2025\/11\/Diseno-sin-titulo-1-2-1024x683.png","contentUrl":"https:\/\/asesoriadeseguridadprivada.com\/wp-content\/uploads\/2025\/11\/Diseno-sin-titulo-1-2-1024x683.png"},{"@type":"BreadcrumbList","@id":"https:\/\/asesoriadeseguridadprivada.com\/asesoria\/#breadcrumb","itemListElement":[{"@type":"ListItem","position":1,"name":"Portada","item":"https:\/\/asesoriadeseguridadprivada.com\/"},{"@type":"ListItem","position":2,"name":"Asesor\u00eda"}]},{"@type":"WebSite","@id":"https:\/\/asesoriadeseguridadprivada.com\/#website","url":"https:\/\/asesoriadeseguridadprivada.com\/","name":"Asesoria de Seguridad Privada","description":"","publisher":{"@id":"https:\/\/asesoriadeseguridadprivada.com\/#organization"},"potentialAction":[{"@type":"SearchAction","target":{"@type":"EntryPoint","urlTemplate":"https:\/\/asesoriadeseguridadprivada.com\/?s={search_term_string}"},"query-input":{"@type":"PropertyValueSpecification","valueRequired":true,"valueName":"search_term_string"}}],"inLanguage":"en-GB"},{"@type":"Organization","@id":"https:\/\/asesoriadeseguridadprivada.com\/#organization","name":"Asesoria de Seguridad Privada","url":"https:\/\/asesoriadeseguridadprivada.com\/","logo":{"@type":"ImageObject","inLanguage":"en-GB","@id":"https:\/\/asesoriadeseguridadprivada.com\/#\/schema\/logo\/image\/","url":"https:\/\/asesoriadeseguridadprivada.com\/wp-content\/uploads\/2025\/11\/cropped-Diseno-sin-titulo-1-1.png","contentUrl":"https:\/\/asesoriadeseguridadprivada.com\/wp-content\/uploads\/2025\/11\/cropped-Diseno-sin-titulo-1-1.png","width":233,"height":240,"caption":"Asesoria de Seguridad Privada"},"image":{"@id":"https:\/\/asesoriadeseguridadprivada.com\/#\/schema\/logo\/image\/"}}]}},"_links":{"self":[{"href":"https:\/\/asesoriadeseguridadprivada.com\/en\/wp-json\/wp\/v2\/pages\/14","targetHints":{"allow":["GET"]}}],"collection":[{"href":"https:\/\/asesoriadeseguridadprivada.com\/en\/wp-json\/wp\/v2\/pages"}],"about":[{"href":"https:\/\/asesoriadeseguridadprivada.com\/en\/wp-json\/wp\/v2\/types\/page"}],"author":[{"embeddable":true,"href":"https:\/\/asesoriadeseguridadprivada.com\/en\/wp-json\/wp\/v2\/users\/1"}],"replies":[{"embeddable":true,"href":"https:\/\/asesoriadeseguridadprivada.com\/en\/wp-json\/wp\/v2\/comments?post=14"}],"version-history":[{"count":68,"href":"https:\/\/asesoriadeseguridadprivada.com\/en\/wp-json\/wp\/v2\/pages\/14\/revisions"}],"predecessor-version":[{"id":322,"href":"https:\/\/asesoriadeseguridadprivada.com\/en\/wp-json\/wp\/v2\/pages\/14\/revisions\/322"}],"wp:attachment":[{"href":"https:\/\/asesoriadeseguridadprivada.com\/en\/wp-json\/wp\/v2\/media?parent=14"}],"curies":[{"name":"wp","href":"https:\/\/api.w.org\/{rel}","templated":true}]}}